{"id":2152,"date":"2016-12-12T15:56:59","date_gmt":"2016-12-12T15:56:59","guid":{"rendered":"http:\/\/revolutionsincommunication.com\/law\/?page_id=2152"},"modified":"2024-03-26T11:41:52","modified_gmt":"2024-03-26T11:41:52","slug":"film-censorship","status":"publish","type":"page","link":"https:\/\/revolutionsincommunication.com\/law\/film-censorship\/","title":{"rendered":"Film censorship"},"content":{"rendered":"<p><strong>When film making emerged from its experimental phase<\/strong> in the early years of the 20th century, most silent movies featured visualizations of then-familiar themes, such as Jules Verne\u2019s Voyage to the Moon or depictions of religious figures or educational topics.<\/p>\n<p>As the topics became riskier\u2014burglaries, train robberies, a stolen kiss in a shoe store\u2014the themes became more threatening to the old cultural elites. Even the mere fact that young people were congregating in dark, crowded theaters &#8212; instead of well-lit churches or lecture halls &#8212; was alarming to advocates of refined culture, especially in the older generation. Some, like the much-admired\u00a0 social reformer Jane Addams, worried that the \u201ccorrupt\u201d art of movies was replacing &#8220;true&#8221;\u00a0 drama, which was needed to satisfy the craving for a higher concept of life. If young people \u201cforecast their rose colored future only in a house of dreams,\u201d Addams said, society would founder on a \u201cskepticism of life\u2019s value.\u201d<\/p>\n<div style=\"width: 209px\" class=\"wp-caption alignright\"><img loading=\"lazy\" decoding=\"async\" class=\"\" src=\"https:\/\/revolutionsincommunication.com\/wp-content\/uploads\/2012\/07\/Cinema_morality.jpg\" width=\"199\" height=\"312\" \/><p class=\"wp-caption-text\">British postcard c. 1910.<\/p><\/div>\n<p>A more immediate cause for trouble was the carnival atmosphere and sexually suggestive songs and dances found in movie districts. The showdown came on Christmas Day, 1908, in New York. Reacting to testimony from religious groups that\u00a0 movies involved \u201cprofit from the corruption of the minds of children,\u201d the mayor revoked the licenses of 540 motion picture halls. Mayors in other cities quickly followed suit. In response, movie theater owners formed an association and sued the city. \u201cThis sort of treatment can go in Russia, but it can\u2019t go in this country,\u201d one of the theater owners said. By January 7, 1909, the moralists lost the first round when the courts ruled that the mayor had no power to close all movie theaters, even though reasonable regulations over fire hazards and indecency could be imposed.<\/p>\n<div style=\"width: 210px\" class=\"wp-caption alignleft\"><a href=\"http:\/\/en.wikipedia.org\/wiki\/Jack_Johnson_%28boxer%29\"><img loading=\"lazy\" decoding=\"async\" class=\"\" title=\"Jack Johnson, censored boxing champion, 1910. \" src=\"http:\/\/upload.wikimedia.org\/wikipedia\/commons\/3\/3b\/Jack_Johnson1.jpg\" alt=\"\" width=\"200\" height=\"277\" \/><\/a><p class=\"wp-caption-text\">Jack Johnson, censored boxing champion, 1910.<\/p><\/div>\n<p><strong>Race figured in another early round of\u00a0 film censorship<\/strong>, when, in 1912,\u00a0 Congress banned all boxing films.\u00a0 The\u00a0 \u00a0film ban followed race riots in many US cities, with at least eight deaths, after theaters showed films of the first African-American heavyweight boxing champion, Jack Johnson winning the title in a well-publicized July 1910 match.\u00a0 Johnson beat James Jeffries, a white boxer who had been styled as the \u201cgreat white hope.\u201d (As depicted in <a href=\"https:\/\/en.wikipedia.org\/wiki\/The_Great_White_Hope_(film)\">a 1970 film<\/a>, FYI).\u00a0 \u00a0Historian Robert Niemi called the riots and resulting\u00a0 censorship an \u201cexceedingly ugly episode in the appalling annals of American racial bigotry.\u201d<\/p>\n<p><strong>Another controversy blew up over films about prostitution<\/strong> a few years later. Film makers used the pretext of a 1912 report on vice in New York to show supposedly moralistic films depicting the evils of the \u201cwhite slave trade.\u201d These \u201cvice films\u201d were often thinly disguised sensational and erotic glimpses into the world of prostitution, and they outraged moralists. Films like Damaged Goods, The House of Bondage and Guilty Man \u201cwill pour oil upon the flames of vice,\u201d the <em>New York Times<\/em> said.<\/p>\n<p>The contrast with newspapers is interesting. Newspaper publishers were successful when they used the same sensationalistic tactics a generation before. For example, William T. Stead, who published London\u2019s Pall Mall Gazette, made an enormous profit exposing the \u201cvirtual slave trade\u201d of London in 1883, treating the subject as a moral lesson but meanwhile providing plenty of salacious detail. Pulitzer and Hearst also used the cloak of morality to expose shocking tales of vice and intrigue.<\/p>\n<p>Book authors in previous generations had also used this tactic:\u00a0 John Cleland&#8217;s Fanny Hill (1748),\u00a0 Daniel DeFoe&#8217;s Moll Flanders (1722), and Veronica Franco of Venice (mid-1500s) were more or less successful at being both sensational and also delivering a moral message.<\/p>\n<p>But film was new, and not protected under the First Amendment at the time. As a New York judge said in 1913, film \u201ctends to deprave the morals of those whose minds are open to such influences.\u201d<\/p>\n<div id=\"attachment_3721\" style=\"width: 211px\" class=\"wp-caption alignright\"><img loading=\"lazy\" decoding=\"async\" aria-describedby=\"caption-attachment-3721\" class=\"wp-image-3721\" style=\"font-size: 14px;\" src=\"https:\/\/revolutionsincommunication.com\/law\/wp-content\/uploads\/2020\/11\/TrafficInSouls.jpg\" alt=\"\" width=\"201\" height=\"303\" srcset=\"https:\/\/revolutionsincommunication.com\/law\/wp-content\/uploads\/2020\/11\/TrafficInSouls.jpg 354w, https:\/\/revolutionsincommunication.com\/law\/wp-content\/uploads\/2020\/11\/TrafficInSouls-199x300.jpg 199w\" sizes=\"auto, (max-width: 201px) 100vw, 201px\" \/><p id=\"caption-attachment-3721\" class=\"wp-caption-text\">A 1913 film about prostitution in the US.<\/p><\/div>\n<p>Although film makers said they were fighting for freedom of speech, newspapers reported the issue in terms of films being \u201cwithdrawn\u201d rather than \u201ccensored.\u201d<\/p>\n<p><strong>MPPC Trust busted\u00a0<\/strong><\/p>\n<p>Around this time, Thomas Edison, a social conservative who owned many US patents for film cameras and projectors, attempted to control both the business and its cultural impacts by forming the Motion Picture Patents Company in 1908.<\/p>\n<p>Like other monopolies at the time, the MPPC was known as a \u201ctrust.\u201d The MPPC \u201cEdison Trust\u201d included US filmmakers like Biograph and Vitagraph,\u00a0 and French filmmakers like M\u00e9li\u00e8s and Path\u00e9. But it did not include independent US film makers. The MPPC tried to stabilize a chaotic industry by setting standards and sharing patents, but as a monopoly, they were also able to keep independents from exhibiting in theaters or using their equipment.<\/p>\n<p>At the same time, the MPPC also formed a national censorship board to exclude anything that seemed immoral, leading the crusade for \u201cmoral purification\u201d of movies. But like other technological monopolies, the Edison Trust\u2019s attempt to control the business failed. The independents, especially the founders of Universal, Paramount and Twentieth Century Fox studios, moved away from the East coast to California, where mild weather and distance from the Edison company allowed feature film expansion. Then too, the dominance of European films from M\u00e9li\u00e8s and Path\u00e9 ended abruptly with the outbreak of World War I in 1914.<\/p>\n<p>The emerging film industry went to the courts for protection. In 1915, independent producers, contending that Edison\u2019s MPPC was an illegal monopoly, won a Supreme Court decision in <strong>United States v. Motion Picture Patents Company<\/strong>. That same year, the court also eased the fears of social conservatives in a related case, <strong>Mutual Film v. Industrial Commission of Ohio,<\/strong> ruling that films are not protected by the First Amendment. Cities and states were then free to set standards and film censorship boards of their own, and many did.<\/p>\n<p><strong>Censorship in Chicago\u00a0<\/strong><\/p>\n<div id=\"attachment_3720\" style=\"width: 258px\" class=\"wp-caption alignright\"><a href=\"https:\/\/www.chicagotribune.com\/history\/ct-oscars-movie-censorship-chicago-funkhouser-0222-20150220-story.html\"><img loading=\"lazy\" decoding=\"async\" aria-describedby=\"caption-attachment-3720\" class=\"wp-image-3720 \" src=\"https:\/\/revolutionsincommunication.com\/law\/wp-content\/uploads\/2020\/11\/HeartsOfTheWorld-1.jpg\" alt=\"\" width=\"248\" height=\"365\" srcset=\"https:\/\/revolutionsincommunication.com\/law\/wp-content\/uploads\/2020\/11\/HeartsOfTheWorld-1.jpg 349w, https:\/\/revolutionsincommunication.com\/law\/wp-content\/uploads\/2020\/11\/HeartsOfTheWorld-1-204x300.jpg 204w\" sizes=\"auto, (max-width: 248px) 100vw, 248px\" \/><\/a><p id=\"caption-attachment-3720\" class=\"wp-caption-text\">Banned in Chicago: Films that ridiculed nationalities, ethnic groups or religions were prohibited in 1917.<\/p><\/div>\n<p>Morality was the main topic of censorship in Chicago, Illinois,\u00a0 when, in 1907, the city formed a 10-man squad to shut down offensive films depicting &#8220;scenes of a morbid or criminal nature&#8221; or vaudeville acts with immoral songs or sketches. By 1913, the problem had apparently become so severe that on March 21, the city appointed Metellus Lucullus Cicero Funkhouser as a deputy police commissioner and guardian of the city&#8217;s morals.<\/p>\n<p>Funkhouser was\u00a0 strict in his interpretation of the morality code, for example, banning<span style=\"color: #444444;\"> an instructional movie on how to dance the hesitation waltz, the turkey trot and the tango.\u00a0 &#8220;After witnessing these professional performers go through these dances in a carefully regulated way, (the young people) will go to the public dance halls and try them,&#8221; Funkhouser explained. &#8220;<\/span><span style=\"color: #444444;\">That is where the danger is. Most of these halls either sell liquor or are close to the places where it is sold. Think of a young girl or a young man with two or three drinks down trying these dances.&#8221; <\/span><\/p>\n<p>The film industry complained that &#8220;Major Funkhouser even rejects comedies, and if we show him a picture where a policeman is taking a peanut from a stand he rejects the whole subject.&#8221;<\/p>\n<p>In 1917, Funkhouser banned &#8220;Spirit of &#8217;76,&#8221; a patriotic movie about the American Revolution, since it &#8220;contains matters offensive to Great Britain.&#8221;\u00a0 Funkhouser also rejected &#8220;<a href=\"https:\/\/en.wikipedia.org\/wiki\/The_Little_American\">The Little American<\/a> &#8221; (a film about a woman who falls in love with both a French and a German soldier) and <a href=\"https:\/\/en.wikipedia.org\/wiki\/Hearts_of_the_World\">Hearts of the World<\/a>, a propaganda film by DW Griffith commissioned by the British government. &#8220;The Germans of this country didn&#8217;t start the war,&#8221; Funkhouser told the <a href=\"https:\/\/www.chicagotribune.com\/history\/ct-oscars-movie-censorship-chicago-funkhouser-0222-20150220-story.html\">Chicago Tribune.<\/a> &#8220;Do you think it would be right to show a picture that would offend so many of our good citizens?&#8221;<\/p>\n<p><strong>Racist state censorship boards in the South\u00a0 \u00a0\u00a0<\/strong><\/p>\n<div id=\"attachment_3715\" style=\"width: 360px\" class=\"wp-caption alignright\"><a href=\"https:\/\/www.zinnedproject.org\/news\/tdih\/va-censorship-board-ceases\/\"><img loading=\"lazy\" decoding=\"async\" aria-describedby=\"caption-attachment-3715\" class=\"wp-image-3715\" src=\"https:\/\/revolutionsincommunication.com\/law\/wp-content\/uploads\/2020\/11\/VaBrdCensors.jpg\" alt=\"\" width=\"350\" height=\"257\" srcset=\"https:\/\/revolutionsincommunication.com\/law\/wp-content\/uploads\/2020\/11\/VaBrdCensors.jpg 1679w, https:\/\/revolutionsincommunication.com\/law\/wp-content\/uploads\/2020\/11\/VaBrdCensors-300x220.jpg 300w, https:\/\/revolutionsincommunication.com\/law\/wp-content\/uploads\/2020\/11\/VaBrdCensors-1024x753.jpg 1024w, https:\/\/revolutionsincommunication.com\/law\/wp-content\/uploads\/2020\/11\/VaBrdCensors-768x564.jpg 768w, https:\/\/revolutionsincommunication.com\/law\/wp-content\/uploads\/2020\/11\/VaBrdCensors-1536x1129.jpg 1536w, https:\/\/revolutionsincommunication.com\/law\/wp-content\/uploads\/2020\/11\/VaBrdCensors-800x588.jpg 800w\" sizes=\"auto, (max-width: 350px) 100vw, 350px\" \/><\/a><p id=\"caption-attachment-3715\" class=\"wp-caption-text\">Pictured here are Virginia film censors Mrs. Herbert Gregory, Mrs. Russell Wagers, and Mrs. Irving Whitehead in 1958. (At the time, the husband&#8217;s name was preferred for formal use.) State film censorship ended on June 30, 1966, but it took fourteen years to follow the 1952 US Supreme Court case decision that ensured First Amendment protection for film &#8212; Burstyn v Wilson.<\/p><\/div>\n<p>Between 1907 and 1922, most states set up censorship boards with the power to order changes or outright bans of movies.<\/p>\n<p>Virginia became one of the leaders in the South,\u00a0 and the State Board of Censors watched 52,000 films and required edits for over 2,000 of them.\u00a0 Another 157 were rejected.<\/p>\n<p>The board focused on morality and crime, but also rejected films that showed any kind of role for African Americans that was not subservient.\u00a0 O<span style=\"color: #444444;\">nly stereotypical African American images, such as maids, butlers, and criminals would be portrayed in movies. <\/span><\/p>\n<p><span style=\"color: #444444;\">Oscar\u00a0 Micheaux, one of the first African American film makers, tried to accurately depict conditions for black Americans, and as a result, the Virginia film board did their best to undermine him.\u00a0 One of the first film board members, <\/span><span style=\"color: #444444;\">Evan Chesterman,\u00a0 wrote in a 1925 report that Micheaux&#8217;s production company was, &#8220;a negro corporation, whose output is designed solely for colored houses, and whose actors, almost without exception, are colored people, has been severely disciplined on account of its infelicitous, not to say dangerous, treatment of the race question.&#8221; <\/span><span style=\"color: #444444;\">\u00a0 \u00a0<\/span><\/p>\n<p>The danger of course was that Micheaux&#8217;s films might challenge the strict code of white supremacy.\u00a0 In his 1924 film Birthright, for example, Micheaux depicted <span data-contrast=\"auto\">the homecoming of a Southern Black man who finishes his education at Harvard and hopes to establish a school for African American children.\u00a0 The film was a sharp condemnation of racial segregation and Jim Crow laws, and it was never approved by the Virginia board of censors.\u00a0\u00a0<\/span><\/p>\n<div style=\"width: 139px\" class=\"wp-caption alignleft\"><img loading=\"lazy\" decoding=\"async\" class=\"\" src=\"https:\/\/upload.wikimedia.org\/wikipedia\/commons\/9\/9d\/Oscar_Micheaux.jpg\" width=\"129\" height=\"168\" \/><p class=\"wp-caption-text\">Oscar Micheaux was punished for trying to accurately depict the lives of African Americans in his 44 films.<\/p><\/div>\n<p><span style=\"color: #444444;\">\u00a0In July 1924, the board als0 rejected Micheaux&#8217;s film, <\/span><i><a title=\"A Son of Satan\" href=\"https:\/\/en.wikipedia.org\/wiki\/A_Son_of_Satan\">A Son of Satan<\/a><\/i><span style=\"color: #444444;\">, for depicting race riots, the murder of a Ku Klux Klan member, and scenes which caused &#8220;blurring of racial lines in public spaces such as dance halls.&#8221;\u00a0 These, the board sniffed, would \u00a0&#8220;prove offensive to Southern ladies.&#8221;\u00a0 <\/span><span style=\"color: #444444;\">After paying a fine and making some cuts, the film was eventually licensed in Virginia.\u00a0 \u00a0\u00a0<\/span><\/p>\n<p>Micheaux produced films at a studio in Roanoke, Virginia between 1923 and 1925,\u00a0 but eventually left for more congenial working environments.<\/p>\n<p><span style=\"color: #444444;\">In March 1927, Micheaux&#8217;s <\/span><i><a title=\"The House Behind the Cedars\" href=\"https:\/\/en.wikipedia.org\/wiki\/The_House_Behind_the_Cedars\">The House Behind the Cedars<\/a><\/i><span style=\"color: #444444;\">, generated even more controversy as the board decided that films themselves\u00a0<\/span><span style=\"color: #444444;\">were not the proper media for discussions and depictions of race issues.\u00a0 <\/span><i>The House Behind the Cedars<\/i><span style=\"color: #444444;\"> had the potential to incite crime through race riots, the board said.\u00a0<\/span><span style=\"color: #444444;\"> Micheaux objected, noting that the film had been adapted from a 30 year old book.\u00a0 He added that the film had screened in other states without problems. <\/span><span style=\"color: #444444;\">\u00a0Micheaux once again agreed to make cuts to his film, and the board finally licensed <\/span><i>The House behind the Cedars<\/i><span style=\"color: #444444;\">.\u00a0 \u00a0<\/span><\/p>\n<p><strong>Hollywood reacts to state censorship\u00a0 with the &#8220;Production Code&#8221;\u00a0<\/strong><\/p>\n<p>Hollywood did not appreciate the\u00a0 patchwork state by state approach to\u00a0 \u00a0censorship, and reacting to a series of movie industry scandals fanned by Hearst newspapers, the film industry formed the Motion Pictures Production and Distributors Association in 1922 (which became the Motion Picture Association of America in 1945). Headed by Will H. Hayes, the MPAA fought both federal proposals for film censorship and critics within the movie industry who charged that it was a way to establish \u201ccomplete monopoly\u201d of major film producers over independent theater owners. This fight over control of theaters began an antitrust lawsuit that was finally settled in the <a href=\"https:\/\/en.wikipedia.org\/wiki\/United_States_v._Paramount_Pictures,_Inc.\">United States v. Paramount<\/a> case two decades later.<\/p>\n<div style=\"width: 276px\" class=\"wp-caption alignright\"><img loading=\"lazy\" decoding=\"async\" class=\"\" src=\"https:\/\/upload.wikimedia.org\/wikipedia\/commons\/f\/f2\/Dorothy_Mackaill_Safe_in_Hell_1931.jpg\" alt=\"Pre-Code Hollywood films were experimental and frequently risque, as seen in this still from the 1931 film Safe In Hell. \" width=\"266\" height=\"201\" \/><p class=\"wp-caption-text\"><a href=\"https:\/\/en.wikipedia.org\/wiki\/Pre-Code_Hollywood\">Pre-Code Hollywood films<\/a> were experimental and frequently <span data-dobid=\"hdw\">risqu\u00e9<\/span>, as seen in this still from the 1931 film Safe In Hell.\u00a0<\/p><\/div>\n<p>Between around 1928 and 1934, the advent of sound, along with the widespread corruption associated with Prohibition laws, led to a\u00a0fascination with\u00a0crime, sex and violence in what were known as &#8220;<a href=\"https:\/\/en.wikipedia.org\/wiki\/Pre-Code_Hollywood\">Pre-Code<\/a>&#8221; Hollywood films. \u00a0The reaction was the creation (in 1930) and then strong enforcement of the <a href=\"https:\/\/en.wikipedia.org\/wiki\/Motion_Picture_Production_Code\">\u00a0Hollywood Production Code<\/a> (starting in 1934) under the MPPDA.<\/p>\n<p>The code said: \u201cNo picture shall be produced that will lower the moral standards of those who see it.\u201d Under the code, criminals could never win, and partial nudity, steamy sex scenes and homosexuality were all strictly banned. The code survived numerous court challenges until the 1960s. And yet, as a product of its times, the code did not prohibit narratives that encouraged racism or anti-semitism &#8212; ideas that are considered grossly immoral in the late twentieth century.<\/p>\n<p><a href=\"http:\/\/americanfilm.afi.com\/issue\/2012\/9\/archives#.YgPd_vXMKjghttp:\/\/americanfilm.afi.com\/issue\/2012\/9\/archives#.YgPd_vXMKjg\"><img loading=\"lazy\" decoding=\"async\" class=\"alignleft wp-image-3728\" src=\"https:\/\/revolutionsincommunication.com\/law\/wp-content\/uploads\/2020\/11\/261.jpg\" alt=\"\" width=\"223\" height=\"301\" srcset=\"https:\/\/revolutionsincommunication.com\/law\/wp-content\/uploads\/2020\/11\/261.jpg 930w, https:\/\/revolutionsincommunication.com\/law\/wp-content\/uploads\/2020\/11\/261-222x300.jpg 222w, https:\/\/revolutionsincommunication.com\/law\/wp-content\/uploads\/2020\/11\/261-758x1024.jpg 758w, https:\/\/revolutionsincommunication.com\/law\/wp-content\/uploads\/2020\/11\/261-768x1038.jpg 768w, https:\/\/revolutionsincommunication.com\/law\/wp-content\/uploads\/2020\/11\/261-592x800.jpg 592w\" sizes=\"auto, (max-width: 223px) 100vw, 223px\" \/><\/a>The code also permitted the Catholic church and other moral authorities to exert enormous influence over film from the mid-1930s to the mid-1950s. Wikipedia has a long list of films banned by the Catholic <a href=\"https:\/\/en.wikipedia.org\/wiki\/List_of_films_condemned_by_the_Legion_of_Decency\">Legion of Decency.\u00a0<\/a><\/p>\n<p>Bans for religious reasons reached the courts through a 1952 censorship case. The film was of\u00a0\u00a0&#8220;The Miracle&#8221; by Italian director Roberto Rossellini. It questioned the concept of a virgin birth by telling a non-Biblical version of the story in modern-day Italy. The film was\u00a0 banned by the Catholic Church worldwide, but in the US, the ban was struck down as unconstitutional in <a href=\"https:\/\/en.wikipedia.org\/wiki\/Joseph_Burstyn,_Inc._v._Wilson\">Burstyn v Wilson<\/a>,<\/p>\n<p>By the 1960s, the Hayes code changed to a rating system (G, PG, PG-13, R and NC-17) that is still administered by the MPAA. On the plus side, the rating\u00a0 system address the concerns of parents who wanted to avoid having children exposed to adult ideas and themes.<\/p>\n<p>However, the code also made it more difficult for independent filmmakers to compete against the big studios and it contributed to the Hollywood domination of international cinema well into the twenty-first century. Modern critics contend that a secretive private ratings system, without an open appeals process, still amounts to a form of censorship and discrimination in favor of major studios against independent film makers.<\/p>\n<h4><strong><span style=\"color: #000000;\">Additional resources on film censorship:<\/span><\/strong><\/h4>\n<ul>\n<li style=\"list-style-type: none;\">\n<ul>\n<li><a href=\"http:\/\/www.beaconforfreedom.org\/index.html\">Beacon for Freedom of Expression<\/a> &#8212; An international source of information about censorship.<\/li>\n<li>Hwang, J. &#8220;<a href=\"https:\/\/repository.uchastings.edu\/cgi\/viewcontent.cgi?article=1970&amp;context=hastings_constitutional_law_quaterly\">From Spectacle to Speech: The First Amendment and Film Censorship,<\/a> &#8221;\u00a0 <em>Hastings\u00a0 Constitutional Law Quarterly,<\/em> Winter, 2014.<\/li>\n<li><a href=\"http:\/\/ieg-ego.eu\/en\/threads\/european-media\/censorship-and-freedom-of-the-press\/juergen-wilke-censorship-and-freedom-of-the-press\">Censorship<\/a> \u00a0&#8212; European History Online.<\/li>\n<li>Gregory Black, <i>Hollywood Censored: Morality Codes, Catholics, and the Movies<\/i> (Cambridge, UK: Cambridge U. Press, 1994), 30.<\/li>\n<li>The <a href=\"http:\/\/en.wikipedia.org\/wiki\/Celluloid_Closet\">Celluloid Closet<\/a><\/li>\n<li><a href=\"http:\/\/www.heraldcourier.com\/news\/sixteen-tons-how-tennessee-ernie-ford-came-to-record-his\/article_60ece5dd-f09c-523b-a4d2-6decd2f941a7.html\"> Censoring &#8220;Sixteen Tons&#8221;\u00a0<\/a><\/li>\n<li>Oscar Micheaux at <a href=\"https:\/\/www.afi.com\/news\/afi-movie-club-birthright\/\">American Film Institute\u00a0<\/a><\/li>\n<\/ul>\n<\/li>\n<\/ul>\n<p>&nbsp;<\/p>\n","protected":false},"excerpt":{"rendered":"<p>When film making emerged from its experimental phase in the early years of the 20th century, most silent movies featured visualizations of then-familiar themes, such as Jules Verne\u2019s Voyage to the Moon or depictions of religious figures or educational topics. &hellip; <a href=\"https:\/\/revolutionsincommunication.com\/law\/film-censorship\/\">Continue reading <span class=\"meta-nav\">&rarr;<\/span><\/a><\/p>\n","protected":false},"author":3,"featured_media":0,"parent":0,"menu_order":0,"comment_status":"closed","ping_status":"closed","template":"full-width-page.php","meta":{"footnotes":""},"class_list":["post-2152","page","type-page","status-publish","hentry"],"_links":{"self":[{"href":"https:\/\/revolutionsincommunication.com\/law\/wp-json\/wp\/v2\/pages\/2152","targetHints":{"allow":["GET"]}}],"collection":[{"href":"https:\/\/revolutionsincommunication.com\/law\/wp-json\/wp\/v2\/pages"}],"about":[{"href":"https:\/\/revolutionsincommunication.com\/law\/wp-json\/wp\/v2\/types\/page"}],"author":[{"embeddable":true,"href":"https:\/\/revolutionsincommunication.com\/law\/wp-json\/wp\/v2\/users\/3"}],"replies":[{"embeddable":true,"href":"https:\/\/revolutionsincommunication.com\/law\/wp-json\/wp\/v2\/comments?post=2152"}],"version-history":[{"count":7,"href":"https:\/\/revolutionsincommunication.com\/law\/wp-json\/wp\/v2\/pages\/2152\/revisions"}],"predecessor-version":[{"id":6180,"href":"https:\/\/revolutionsincommunication.com\/law\/wp-json\/wp\/v2\/pages\/2152\/revisions\/6180"}],"wp:attachment":[{"href":"https:\/\/revolutionsincommunication.com\/law\/wp-json\/wp\/v2\/media?parent=2152"}],"curies":[{"name":"wp","href":"https:\/\/api.w.org\/{rel}","templated":true}]}}